{"id":171,"date":"2026-02-12T19:28:58","date_gmt":"2026-02-12T19:28:58","guid":{"rendered":"http:\/\/automobiilee.local\/?page_id=171"},"modified":"2026-02-23T23:11:11","modified_gmt":"2026-02-23T21:11:11","slug":"kontakt","status":"publish","type":"page","link":"https:\/\/automobiil.ee\/ru\/kontakt\/","title":{"rendered":"\u041a\u043e\u043d\u0442\u0430\u043a\u0442"},"content":{"rendered":"<div data-elementor-type=\"wp-page\" data-elementor-id=\"171\" class=\"elementor elementor-171\">\n\t\t\t\t<div class=\"elementor-element elementor-element-2a1df44 e-con-full e-flex e-con e-parent\" data-id=\"2a1df44\" data-element_type=\"container\" data-e-type=\"container\">\n\t\t\t\t<div class=\"elementor-element elementor-element-99d95f1 elementor-widget__width-initial elementor-widget elementor-widget-html\" data-id=\"99d95f1\" data-element_type=\"widget\" data-e-type=\"widget\" data-widget_type=\"html.default\">\n\t\t\t\t\t<!DOCTYPE html>\r\n<html lang=\"et\">\r\n<head>\r\n    <meta charset=\"UTF-8\">\r\n    <meta name=\"viewport\" content=\"width=device-width, initial-scale=1.0\">\r\n    <title>Kontakt - Automobiil.ee<\/title>\r\n    <link href=\"https:\/\/fonts.googleapis.com\/css2?family=Inter:wght@400;500;600;700;800&display=swap\" rel=\"stylesheet\">\r\n    <style>\r\n        * {\r\n            margin: 0;\r\n            padding: 0;\r\n            box-sizing: border-box;\r\n        }\r\n\r\n        body {\r\n            font-family: 'Inter', -apple-system, sans-serif;\r\n            background: #F8FAFC;\r\n            color: #0F172A;\r\n            line-height: 1.6;\r\n        }\r\n\r\n        \/* Hero Section *\/\r\n        .contact-hero {\r\n            padding: 120px 20px 80px;\r\n            background: linear-gradient(135deg, #370096 0%, #5B3CC4 100%);\r\n            text-align: center;\r\n            position: relative;\r\n            overflow: hidden;\r\n        }\r\n\r\n        .contact-hero::before {\r\n            content: '';\r\n            position: absolute;\r\n            top: -50%;\r\n            right: -10%;\r\n            width: 600px;\r\n            height: 600px;\r\n            background: radial-gradient(circle, rgba(139, 122, 237, 0.15) 0%, transparent 70%);\r\n            border-radius: 50%;\r\n        }\r\n\r\n        .contact-hero h1 {\r\n            font-size: 56px;\r\n            font-weight: 800;\r\n            color: #FFFFFF;\r\n            margin-bottom: 16px;\r\n            letter-spacing: -1px;\r\n            position: relative;\r\n            z-index: 1;\r\n        }\r\n\r\n        .contact-hero p {\r\n            font-size: 20px;\r\n            color: rgba(255, 255, 255, 0.9);\r\n            max-width: 600px;\r\n            margin: 0 auto;\r\n            position: relative;\r\n            z-index: 1;\r\n        }\r\n\r\n        \/* Main Container *\/\r\n        .contact-container {\r\n            max-width: 100%;\r\n            margin: -60px 0 0;\r\n            padding: 0 60px 100px;\r\n            position: relative;\r\n            z-index: 2;\r\n        }\r\n\r\n        .contact-grid {\r\n            max-width: 1400px;\r\n            margin: 0 auto;\r\n            display: grid;\r\n            grid-template-columns: 1fr 1fr;\r\n            gap: 40px;\r\n        }\r\n\r\n        \/* Contact Info Card *\/\r\n        .contact-info {\r\n            background: #FFFFFF;\r\n            border-radius: 24px;\r\n            padding: 48px;\r\n            box-shadow: 0 20px 60px rgba(15, 23, 42, 0.08);\r\n            border: 1px solid #E2E8F0;\r\n        }\r\n\r\n        .contact-info h2 {\r\n            font-size: 32px;\r\n            font-weight: 800;\r\n            color: #0F172A;\r\n            margin-bottom: 24px;\r\n            letter-spacing: -0.5px;\r\n        }\r\n\r\n        .contact-info p {\r\n            font-size: 17px;\r\n            color: #64748B;\r\n            margin-bottom: 40px;\r\n            line-height: 1.7;\r\n        }\r\n\r\n        .contact-method {\r\n            display: flex;\r\n            align-items: start;\r\n            gap: 20px;\r\n            margin-bottom: 32px;\r\n            padding: 24px;\r\n            background: #F8FAFC;\r\n            border-radius: 16px;\r\n            border-left: 4px solid #370096;\r\n            transition: all 0.3s ease;\r\n        }\r\n\r\n        .contact-method:hover {\r\n            transform: translateX(8px);\r\n            box-shadow: 0 8px 24px rgba(55, 0, 150, 0.1);\r\n        }\r\n\r\n        .contact-icon {\r\n            width: 48px;\r\n            height: 48px;\r\n            min-width: 48px;\r\n            background: linear-gradient(135deg, #370096 0%, #5B3CC4 100%);\r\n            border-radius: 12px;\r\n            display: flex;\r\n            align-items: center;\r\n            justify-content: center;\r\n            color: #FFFFFF;\r\n        }\r\n\r\n        .contact-details h3 {\r\n            font-size: 18px;\r\n            font-weight: 700;\r\n            color: #0F172A;\r\n            margin-bottom: 6px;\r\n        }\r\n\r\n        .contact-details a {\r\n            font-size: 16px;\r\n            color: #370096;\r\n            text-decoration: none;\r\n            font-weight: 600;\r\n            transition: color 0.3s ease;\r\n        }\r\n\r\n        .contact-details a:hover {\r\n            color: #5B3CC4;\r\n            text-decoration: underline;\r\n        }\r\n\r\n        .contact-details p {\r\n            font-size: 15px;\r\n            color: #64748B;\r\n            margin: 4px 0 0 0;\r\n        }\r\n\r\n        \/* Contact Form *\/\r\n        .contact-form {\r\n            background: #FFFFFF;\r\n            border-radius: 24px;\r\n            padding: 48px;\r\n            box-shadow: 0 20px 60px rgba(15, 23, 42, 0.08);\r\n            border: 1px solid #E2E8F0;\r\n            position: relative;\r\n            overflow: hidden;\r\n        }\r\n\r\n        .contact-form::before {\r\n            content: '';\r\n            position: absolute;\r\n            top: 0;\r\n            left: 0;\r\n            right: 0;\r\n            height: 6px;\r\n            background: linear-gradient(90deg, #370096 0%, #5B3CC4 100%);\r\n        }\r\n\r\n        .contact-form h2 {\r\n            font-size: 32px;\r\n            font-weight: 800;\r\n            color: #0F172A;\r\n            margin-bottom: 12px;\r\n            letter-spacing: -0.5px;\r\n        }\r\n\r\n        .contact-form > p {\r\n            font-size: 17px;\r\n            color: #64748B;\r\n            margin-bottom: 32px;\r\n        }\r\n\r\n        .form-group {\r\n            margin-bottom: 24px;\r\n        }\r\n\r\n        .form-group label {\r\n            display: block;\r\n            font-size: 15px;\r\n            font-weight: 600;\r\n            color: #0F172A;\r\n            margin-bottom: 8px;\r\n        }\r\n\r\n        .form-group input,\r\n        .form-group textarea {\r\n            width: 100%;\r\n            padding: 16px 18px;\r\n            border: 2px solid #E2E8F0;\r\n            border-radius: 12px;\r\n            font-size: 15px;\r\n            font-family: 'Inter', sans-serif;\r\n            color: #0F172A;\r\n            transition: all 0.2s ease;\r\n            background: #FFFFFF;\r\n        }\r\n\r\n        .form-group input:focus,\r\n        .form-group textarea:focus {\r\n            outline: none;\r\n            border-color: #370096;\r\n            box-shadow: 0 0 0 4px rgba(55, 0, 150, 0.1);\r\n        }\r\n\r\n        .form-group textarea {\r\n            resize: vertical;\r\n            min-height: 140px;\r\n        }\r\n\r\n        .form-submit {\r\n            width: 100%;\r\n            padding: 18px;\r\n            background: linear-gradient(135deg, #370096 0%, #5B3CC4 100%);\r\n            color: #FFFFFF;\r\n            border: none;\r\n            border-radius: 14px;\r\n            font-size: 17px;\r\n            font-weight: 700;\r\n            cursor: pointer;\r\n            transition: all 0.3s ease;\r\n            box-shadow: 0 8px 24px rgba(55, 0, 150, 0.25);\r\n            margin-top: 8px;\r\n        }\r\n\r\n        .form-submit:hover {\r\n            transform: translateY(-2px);\r\n            box-shadow: 0 12px 32px rgba(55, 0, 150, 0.35);\r\n        }\r\n\r\n        .form-submit:active {\r\n            transform: translateY(0);\r\n        }\r\n\r\n        .form-submit:disabled {\r\n            background: #94A3B8;\r\n            cursor: not-allowed;\r\n            transform: none;\r\n            box-shadow: none;\r\n        }\r\n\r\n        \/* Additional Info *\/\r\n        .additional-info {\r\n            margin-top: 40px;\r\n            padding: 32px;\r\n            background: linear-gradient(135deg, #F0F4FF 0%, #E0E7FF 100%);\r\n            border-radius: 16px;\r\n            border-left: 4px solid #370096;\r\n        }\r\n\r\n        .additional-info h3 {\r\n            font-size: 20px;\r\n            font-weight: 700;\r\n            color: #0F172A;\r\n            margin-bottom: 12px;\r\n        }\r\n\r\n        .additional-info p {\r\n            font-size: 15px;\r\n            color: #475569;\r\n            line-height: 1.7;\r\n        }\r\n\r\n        \/* Responsive *\/\r\n        @media (max-width: 1400px) {\r\n            .contact-container {\r\n                padding: 0 40px 100px;\r\n            }\r\n        }\r\n\r\n        @media (max-width: 1024px) {\r\n            .contact-hero {\r\n                padding: 100px 40px 60px;\r\n            }\r\n\r\n            .contact-hero h1 {\r\n                font-size: 48px;\r\n            }\r\n\r\n            .contact-container {\r\n                margin-top: -40px;\r\n                padding: 0 40px 80px;\r\n            }\r\n\r\n            .contact-grid {\r\n                gap: 32px;\r\n            }\r\n\r\n            .contact-info,\r\n            .contact-form {\r\n                padding: 40px;\r\n            }\r\n        }\r\n\r\n        @media (max-width: 768px) {\r\n            .contact-grid {\r\n                grid-template-columns: 1fr;\r\n            }\r\n\r\n            .contact-hero {\r\n                padding: 80px 30px 50px;\r\n            }\r\n\r\n            .contact-hero h1 {\r\n                font-size: 40px;\r\n            }\r\n\r\n            .contact-hero p {\r\n                font-size: 18px;\r\n            }\r\n\r\n            .contact-container {\r\n                margin-top: -30px;\r\n                padding: 0 30px 60px;\r\n            }\r\n\r\n            .contact-info,\r\n            .contact-form {\r\n                padding: 36px;\r\n            }\r\n\r\n            .contact-info h2,\r\n            .contact-form h2 {\r\n                font-size: 28px;\r\n            }\r\n\r\n            .contact-method {\r\n                padding: 20px;\r\n                margin-bottom: 24px;\r\n            }\r\n\r\n            .contact-icon {\r\n                width: 44px;\r\n                height: 44px;\r\n                min-width: 44px;\r\n            }\r\n\r\n            .form-group {\r\n                margin-bottom: 20px;\r\n            }\r\n\r\n            .additional-info {\r\n                margin-top: 32px;\r\n                padding: 24px;\r\n            }\r\n        }\r\n\r\n        @media (max-width: 640px) {\r\n            .contact-hero {\r\n                padding: 60px 16px 40px;\r\n            }\r\n\r\n            .contact-hero h1 {\r\n                font-size: 32px;\r\n                margin-bottom: 12px;\r\n            }\r\n\r\n            .contact-hero p {\r\n                font-size: 16px;\r\n            }\r\n\r\n            .contact-container {\r\n                padding: 0 16px 50px;\r\n                margin-top: -20px;\r\n            }\r\n\r\n            .contact-info,\r\n            .contact-form {\r\n                padding: 28px;\r\n                border-radius: 20px;\r\n            }\r\n\r\n            .contact-info h2,\r\n            .contact-form h2 {\r\n                font-size: 24px;\r\n                margin-bottom: 16px;\r\n            }\r\n\r\n            .contact-info > p,\r\n            .contact-form > p {\r\n                font-size: 15px;\r\n                margin-bottom: 28px;\r\n            }\r\n\r\n            .contact-method {\r\n                flex-direction: column;\r\n                align-items: start;\r\n                padding: 18px;\r\n                gap: 14px;\r\n            }\r\n\r\n            .contact-method:hover {\r\n                transform: translateX(4px);\r\n            }\r\n\r\n            .contact-icon {\r\n                width: 40px;\r\n                height: 40px;\r\n                min-width: 40px;\r\n            }\r\n\r\n            .contact-details h3 {\r\n                font-size: 16px;\r\n            }\r\n\r\n            .contact-details a {\r\n                font-size: 15px;\r\n                word-break: break-all;\r\n            }\r\n\r\n            .contact-details p {\r\n                font-size: 14px;\r\n            }\r\n\r\n            .form-group label {\r\n                font-size: 14px;\r\n            }\r\n\r\n            .form-group input,\r\n            .form-group textarea {\r\n                padding: 14px 16px;\r\n                font-size: 16px; \/* iOS zoom fix *\/\r\n            }\r\n\r\n            .form-group textarea {\r\n                min-height: 120px;\r\n            }\r\n\r\n            .form-submit {\r\n                padding: 16px;\r\n                font-size: 16px;\r\n            }\r\n\r\n            .additional-info {\r\n                padding: 20px;\r\n                margin-top: 24px;\r\n            }\r\n\r\n            .additional-info h3 {\r\n                font-size: 18px;\r\n            }\r\n\r\n            .additional-info p {\r\n                font-size: 14px;\r\n            }\r\n        }\r\n\r\n        @media (max-width: 480px) {\r\n            .contact-hero h1 {\r\n                font-size: 28px;\r\n            }\r\n\r\n            .contact-info,\r\n            .contact-form {\r\n                padding: 24px 20px;\r\n            }\r\n\r\n            .contact-method {\r\n                padding: 16px;\r\n                border-radius: 12px;\r\n            }\r\n        }\r\n\r\n        \/* iPad landscape and larger tablets *\/\r\n        @media (min-width: 769px) and (max-width: 1024px) {\r\n            .contact-grid {\r\n                gap: 36px;\r\n            }\r\n\r\n            .contact-hero h1 {\r\n                font-size: 52px;\r\n            }\r\n\r\n            .contact-info,\r\n            .contact-form {\r\n                padding: 44px;\r\n            }\r\n        }\r\n\r\n        \/* iOS Safari specific fixes *\/\r\n        @supports (-webkit-touch-callout: none) {\r\n            .form-group input,\r\n            .form-group textarea {\r\n                font-size: 16px; \/* Prevents zoom on focus *\/\r\n            }\r\n        }\r\n    <\/style>\r\n<\/head>\r\n<body>\r\n\r\n    <!-- Hero Section -->\r\n    <section class=\"contact-hero\">\r\n        <h1>\u0421\u0432\u044f\u0436\u0438\u0442\u0435\u0441\u044c \u0441 \u043d\u0430\u043c\u0438<\/h1>\r\n        <p>\u0423 \u0432\u0430\u0441 \u0435\u0441\u0442\u044c \u0432\u043e\u043f\u0440\u043e\u0441\u044b? \u041c\u044b \u0437\u0434\u0435\u0441\u044c, \u0447\u0442\u043e\u0431\u044b \u043f\u043e\u043c\u043e\u0447\u044c. \u0421\u0432\u044f\u0436\u0438\u0442\u0435\u0441\u044c \u0441 \u043d\u0430\u043c\u0438, \u0438 \u043c\u044b \u043e\u0442\u0432\u0435\u0442\u0438\u043c \u0432\u0430\u043c \u043a\u0430\u043a \u043c\u043e\u0436\u043d\u043e \u0441\u043a\u043e\u0440\u0435\u0435.<\/p>\r\n    <\/section>\r\n\r\n    <!-- Main Content -->\r\n    <div class=\"contact-container\">\r\n        <div class=\"contact-grid\">\r\n            \r\n            <!-- Contact Info -->\r\n            <div class=\"contact-info\">\r\n                <h2>\u041a\u043e\u043d\u0442\u0430\u043a\u0442\u043d\u044b\u0435 \u0434\u0430\u043d\u043d\u044b\u0435<\/h2>\r\n                <p>\u0421\u0432\u044f\u0436\u0438\u0442\u0435\u0441\u044c \u0441 \u043d\u0430\u043c\u0438 \u043f\u043e \u0443\u043a\u0430\u0437\u0430\u043d\u043d\u044b\u043c \u043d\u0438\u0436\u0435 \u043a\u043e\u043d\u0442\u0430\u043a\u0442\u043d\u044b\u043c \u0434\u0430\u043d\u043d\u044b\u043c \u0438\u043b\u0438 \u0432\u043e\u0441\u043f\u043e\u043b\u044c\u0437\u0443\u0439\u0442\u0435\u0441\u044c \u0444\u043e\u0440\u043c\u043e\u0439 \u043e\u0431\u0440\u0430\u0442\u043d\u043e\u0439 \u0441\u0432\u044f\u0437\u0438.<\/p>\r\n\r\n                <div class=\"contact-method\">\r\n                    <div class=\"contact-icon\">\r\n                        <svg width=\"24\" height=\"24\" viewbox=\"0 0 24 24\" fill=\"none\" stroke=\"currentColor\" stroke-width=\"2\">\r\n                            <path d=\"M4 4h16c1.1 0 2 .9 2 2v12c0 1.1-.9 2-2 2H4c-1.1 0-2-.9-2-2V6c0-1.1.9-2 2-2z\"\/>\r\n                            <path d=\"m22 6-10 7L2 6\"\/>\r\n                        <\/svg>\r\n                    <\/div>\r\n                    <div class=\"contact-details\">\r\n                        <h3>\u042d\u043b\u0435\u043a\u0442\u0440\u043e\u043d\u043d\u0430\u044f \u043f\u043e\u0447\u0442\u0430<\/h3>\r\n                        <a href=\"\/ru\/cdn-cgi\/l\/email-protection\/#d9b0b7bfb699b8acadb6b4b6bbb0b0b5f7bcbc\"><a href=\"mailto:info@automobiil.ee\">info@automobiil.ee<\/a>\r\n                        <p>\u041e\u0442\u0432\u0435\u0442\u0438\u043c \u0432 \u0442\u0435\u0447\u0435\u043d\u0438\u0435 24-48 \u0447\u0430\u0441\u043e\u0432<\/p>\r\n                    <\/div>\r\n                <\/div>\r\n\r\n                <div class=\"additional-info\">\r\n                    <h3>\u041c\u044b \u0431\u044b\u0441\u0442\u0440\u043e \u0440\u0435\u0430\u0433\u0438\u0440\u0443\u0435\u043c<\/h3>\r\n                    <p>\u041e\u0431\u044b\u0447\u043d\u043e \u043c\u044b \u043e\u0442\u0432\u0435\u0447\u0430\u0435\u043c \u043d\u0430 \u0432\u0441\u0435 \u0437\u0430\u043f\u0440\u043e\u0441\u044b \u0432 \u0442\u0435\u0447\u0435\u043d\u0438\u0435 24-48 \u0447\u0430\u0441\u043e\u0432 \u0432 \u0431\u0443\u0434\u043d\u0438\u0435 \u0434\u043d\u0438. \u0415\u0441\u043b\u0438 \u0443 \u0432\u0430\u0441 \u0432\u043e\u0437\u043d\u0438\u043a\u043b\u0438 \u0432\u043e\u043f\u0440\u043e\u0441\u044b, \u043d\u0430\u043f\u0438\u0448\u0438\u0442\u0435 \u043d\u0430\u043c \u0438\u043b\u0438 \u0432\u043e\u0441\u043f\u043e\u043b\u044c\u0437\u0443\u0439\u0442\u0435\u0441\u044c \u0444\u043e\u0440\u043c\u043e\u0439 \u043e\u0431\u0440\u0430\u0442\u043d\u043e\u0439 \u0441\u0432\u044f\u0437\u0438.<\/p>\r\n                <\/div>\r\n            <\/div>\r\n\r\n            <!-- Contact Form -->\r\n            <div class=\"contact-form\">\r\n                <h2>\u041e\u0442\u043f\u0440\u0430\u0432\u0438\u0442\u044c \u043d\u0430\u043c \u0441\u043e\u043e\u0431\u0449\u0435\u043d\u0438\u0435<\/h2>\r\n                <p>\u0417\u0430\u043f\u043e\u043b\u043d\u0438\u0442\u0435 \u0444\u043e\u0440\u043c\u0443 \u043d\u0438\u0436\u0435, \u0438 \u043c\u044b \u0441\u0432\u044f\u0436\u0435\u043c\u0441\u044f \u0441 \u0432\u0430\u043c\u0438 \u043a\u0430\u043a \u043c\u043e\u0436\u043d\u043e \u0441\u043a\u043e\u0440\u0435\u0435.<\/p>\r\n\r\n                <form id=\"contactForm\" action=\"\">\r\n                    <div class=\"form-group\">\r\n                        <label for=\"name\">\u0418\u043c\u044f *<\/label>\r\n                        <input type=\"text\" id=\"name\" name=\"name\" required placeholder=\"\u0412\u0430\u0448\u0435 \u0438\u043c\u044f\">\r\n                    <\/div>\r\n\r\n                    <div class=\"form-group\">\r\n                        <label for=\"email\">E-mail *<\/label>\r\n                        <input type=\"email\" id=\"email\" name=\"email\" required placeholder=\"sinu@email.ee\">\r\n                    <\/div>\r\n\r\n                    <div class=\"form-group\">\r\n                        <label for=\"phone\">\u0422\u0435\u043b\u0435\u0444\u043e\u043d<\/label>\r\n                        <input type=\"tel\" id=\"phone\" name=\"phone\" placeholder=\"+372 555 1234\">\r\n                    <\/div>\r\n\r\n                    <div class=\"form-group\">\r\n                        <label for=\"subject\">\u0422\u0435\u043c\u0430 *<\/label>\r\n                        <input type=\"text\" id=\"subject\" name=\"subject\" required placeholder=\"\u041e \u0447\u0435\u043c \u0432\u044b \u0445\u043e\u0442\u0438\u0442\u0435 \u0441\u043f\u0440\u043e\u0441\u0438\u0442\u044c?\">\r\n                    <\/div>\r\n\r\n                    <div class=\"form-group\">\r\n                        <label for=\"message\">\u0421\u043e\u043e\u0431\u0449\u0435\u043d\u0438\u0435 *<\/label>\r\n                        <textarea id=\"message\" name=\"message\" required placeholder=\"\u041e\u043f\u0443\u0431\u043b\u0438\u043a\u0443\u0439\u0442\u0435 \u0441\u0432\u043e\u0439 \u0432\u043e\u043f\u0440\u043e\u0441 \u0438\u043b\u0438 \u0441\u043e\u043e\u0431\u0449\u0435\u043d\u0438\u0435 \u0437\u0434\u0435\u0441\u044c...\"><\/textarea>\r\n                    <\/div>\r\n\r\n                    <button type=\"submit\" class=\"form-submit\">\u041e\u0442\u043f\u0440\u0430\u0432\u0438\u0442\u044c \u0441\u043e\u043e\u0431\u0449\u0435\u043d\u0438\u0435<\/button>\r\n                <input type=\"hidden\" name=\"trp-form-language\" value=\"ru\"\/><\/form>\r\n            <\/div>\r\n\r\n        <\/div>\r\n    <\/div>\r\n\r\n    <script>\r\ndocument.getElementById('contactForm').addEventListener('submit', async function(e) {\r\n    e.preventDefault();\r\n\r\n    const form = this;\r\n    const btn = form.querySelector('.form-submit');\r\n    const original = btn.textContent;\r\n\r\n    btn.textContent = 'Saadan...';\r\n    btn.disabled = true;\r\n\r\n    try {\r\n        const res = await fetch('process-contact.php', {\r\n            method: 'POST',\r\n            body: new FormData(form)\r\n        });\r\n\r\n        const data = await res.json();\r\n\r\n        if (data.success) {\r\n            alert('T\u00e4name! S\u00f5num on saadetud.');\r\n            form.reset();\r\n        } else {\r\n            alert(data.message || 'Viga saatmisel');\r\n        }\r\n    } catch (e) {\r\n        alert('Tehniline viga. Proovi hiljem.');\r\n    }\r\n\r\n    btn.textContent = original;\r\n    btn.disabled = false;\r\n});\r\n<\/script>\t\t\t\t<\/div>\n\t\t\t\t<\/div>\n\t\t\t\t<\/div>","protected":false},"excerpt":{"rendered":"<p>Kontakt &#8211; Automobiil.ee V\u00f5ta meiega \u00fchendust Kas sul on k\u00fcsimusi? Oleme siin, et aidata. V\u00f5ta meiega \u00fchendust ja vastame esimesel v\u00f5imalusel. Kontaktandmed V\u00f5ta meiega \u00fchendust allpool olevate kontaktide kaudu v\u00f5i kasuta kontaktvormi. E-post info@automobiil.ee Vastame 24-48 tunni jooksul Vastame kiiresti Tavaliselt vastame k\u00f5igile p\u00e4ringutele 24-48 tunni jooksul t\u00f6\u00f6p\u00e4evadel. K\u00fcsimuste korral kirjuta meile v\u00f5i kasuta kontaktvormi. [&hellip;]<\/p>\n","protected":false},"author":1,"featured_media":0,"parent":0,"menu_order":0,"comment_status":"closed","ping_status":"closed","template":"","meta":{"footnotes":""},"class_list":["post-171","page","type-page","status-publish","hentry"],"_links":{"self":[{"href":"https:\/\/automobiil.ee\/ru\/wp-json\/wp\/v2\/pages\/171","targetHints":{"allow":["GET"]}}],"collection":[{"href":"https:\/\/automobiil.ee\/ru\/wp-json\/wp\/v2\/pages"}],"about":[{"href":"https:\/\/automobiil.ee\/ru\/wp-json\/wp\/v2\/types\/page"}],"author":[{"embeddable":true,"href":"https:\/\/automobiil.ee\/ru\/wp-json\/wp\/v2\/users\/1"}],"replies":[{"embeddable":true,"href":"https:\/\/automobiil.ee\/ru\/wp-json\/wp\/v2\/comments?post=171"}],"version-history":[{"count":10,"href":"https:\/\/automobiil.ee\/ru\/wp-json\/wp\/v2\/pages\/171\/revisions"}],"predecessor-version":[{"id":365,"href":"https:\/\/automobiil.ee\/ru\/wp-json\/wp\/v2\/pages\/171\/revisions\/365"}],"wp:attachment":[{"href":"https:\/\/automobiil.ee\/ru\/wp-json\/wp\/v2\/media?parent=171"}],"curies":[{"name":"wp","href":"https:\/\/api.w.org\/{rel}","templated":true}]}}